{"id":7922,"date":"2025-02-07T13:07:32","date_gmt":"2025-02-07T12:07:32","guid":{"rendered":"https:\/\/www.leflore.be\/?page_id=7922"},"modified":"2026-03-11T14:59:42","modified_gmt":"2026-03-11T13:59:42","slug":"nos-formules","status":"publish","type":"page","link":"https:\/\/www.leflore.be\/nl\/nos-formules\/","title":{"rendered":"ONZE FORMULES"},"content":{"rendered":"\t\t<div data-elementor-type=\"wp-page\" data-elementor-id=\"7922\" class=\"elementor elementor-7922\">\n\t\t\t\t\t\t<section class=\"elementor-section elementor-top-section elementor-element elementor-element-67d03fd7 elementor-section-full_width elementor-section-stretched elementor-section-height-default elementor-section-height-default wpr-jarallax-no wpr-parallax-no wpr-sticky-section-no\" data-id=\"67d03fd7\" data-element_type=\"section\" data-e-type=\"section\" data-settings=\"{&quot;stretch_section&quot;:&quot;section-stretched&quot;,&quot;background_background&quot;:&quot;slideshow&quot;,&quot;background_slideshow_gallery&quot;:[{&quot;id&quot;:2949,&quot;url&quot;:&quot;https:\\\/\\\/www.leflore.be\\\/wp-content\\\/uploads\\\/2022\\\/09\\\/photo15.jpg&quot;},{&quot;id&quot;:2893,&quot;url&quot;:&quot;https:\\\/\\\/www.leflore.be\\\/wp-content\\\/uploads\\\/2022\\\/09\\\/slider6.jpg&quot;},{&quot;id&quot;:2885,&quot;url&quot;:&quot;https:\\\/\\\/www.leflore.be\\\/wp-content\\\/uploads\\\/2022\\\/09\\\/slider2.jpg&quot;},{&quot;id&quot;:2897,&quot;url&quot;:&quot;https:\\\/\\\/www.leflore.be\\\/wp-content\\\/uploads\\\/2022\\\/09\\\/slider8.jpg&quot;}],&quot;background_slideshow_loop&quot;:&quot;yes&quot;,&quot;background_slideshow_slide_duration&quot;:5000,&quot;background_slideshow_slide_transition&quot;:&quot;fade&quot;,&quot;background_slideshow_transition_duration&quot;:500}\">\n\t\t\t\t\t\t\t<div class=\"elementor-background-overlay\"><\/div>\n\t\t\t\t\t\t\t<div class=\"elementor-container elementor-column-gap-default\">\n\t\t\t\t\t<div class=\"elementor-column elementor-col-100 elementor-top-column elementor-element elementor-element-a40620b\" data-id=\"a40620b\" data-element_type=\"column\" data-e-type=\"column\">\n\t\t\t<div class=\"elementor-widget-wrap elementor-element-populated\">\n\t\t\t\t\t\t<div class=\"elementor-element elementor-element-33374b99 elementor-widget elementor-widget-heading\" data-id=\"33374b99\" data-element_type=\"widget\" data-e-type=\"widget\" data-widget_type=\"heading.default\">\n\t\t\t\t<div class=\"elementor-widget-container\">\n\t\t\t\t\t<h1 class=\"elementor-heading-title elementor-size-default\">NOS FORMULES<\/h1>\t\t\t\t<\/div>\n\t\t\t\t<\/div>\n\t\t\t\t\t<\/div>\n\t\t<\/div>\n\t\t\t\t\t<\/div>\n\t\t<\/section>\n\t\t\t\t<section class=\"elementor-section elementor-top-section elementor-element elementor-element-7084775e elementor-section-boxed elementor-section-height-default elementor-section-height-default wpr-particle-no wpr-jarallax-no wpr-parallax-no wpr-sticky-section-no\" data-id=\"7084775e\" data-element_type=\"section\" data-e-type=\"section\">\n\t\t\t\t\t\t<div class=\"elementor-container elementor-column-gap-default\">\n\t\t\t\t\t<div class=\"elementor-column elementor-col-50 elementor-top-column elementor-element elementor-element-b617270\" data-id=\"b617270\" data-element_type=\"column\" data-e-type=\"column\">\n\t\t\t<div class=\"elementor-widget-wrap elementor-element-populated\">\n\t\t\t\t\t\t<div class=\"elementor-element elementor-element-cc766b6 elementor-widget elementor-widget-text-editor\" data-id=\"cc766b6\" data-element_type=\"widget\" data-e-type=\"widget\" data-widget_type=\"text-editor.default\">\n\t\t\t\t<div class=\"elementor-widget-container\">\n\t\t\t\t\t\t\t\t\t<p><strong>Menu \u00e0 43.00\u20ac (uniquement le midi sauf week-end)<\/strong><br \/>entr\u00e9e ( au choix), plat (au choix), caf\u00e9 ou th\u00e9<br \/><br \/><strong>Menu 3 services 58.00\u20ac ( pas disponible le samedi soir)<\/strong><br \/>entr\u00e9e (au choix), plat (au choix), fromage ou dessert ( au choix)<br \/>accompagnement vins 22.00\u20ac<br \/><strong>Menu 4 services \u00e0 75.00\u20ac<\/strong><br \/>Entr\u00e9e (au choix), plat (au choix), fromage, dessert (au choix)<br \/>Ou<br \/>2 entr\u00e9es (au choix), plat (au choix), fromage ou dessert (au choix)<br \/>Accompagnement vins 27.00\u20ac<\/p><p><strong>Menu 5 services \u00e0 89.00\u20ac<\/strong><br \/>2 entr\u00e9es (au choix), plat (au choix), fromage, dessert (au choix)<br \/>Accompagnement vins 37.00\u20ac<\/p><p><strong>Menu v\u00e9g\u00e9tarien adaptable \u00e0 chaque formule<\/strong><\/p><p><strong>Menu enfant (jusque 12 ans) 28.00\u20ac<\/strong><br \/>viande ou poisson accompagn\u00e9 de p\u00e2tes ou pur\u00e9e et l\u00e9gumes suivi d\u2019un dessert.<\/p>\t\t\t\t\t\t\t\t<\/div>\n\t\t\t\t<\/div>\n\t\t\t\t\t<\/div>\n\t\t<\/div>\n\t\t\t\t<div class=\"elementor-column elementor-col-50 elementor-top-column elementor-element elementor-element-41e24f49\" data-id=\"41e24f49\" data-element_type=\"column\" data-e-type=\"column\">\n\t\t\t<div class=\"elementor-widget-wrap elementor-element-populated\">\n\t\t\t\t\t\t<div class=\"elementor-element elementor-element-10b30674 elementor-widget elementor-widget-qi_addons_for_elementor_image_slider\" data-id=\"10b30674\" data-element_type=\"widget\" data-e-type=\"widget\" data-widget_type=\"qi_addons_for_elementor_image_slider.default\">\n\t\t\t\t<div class=\"elementor-widget-container\">\n\t\t\t\t\t<div class=\"qodef-shortcode qodef-m qodef-qi-image-slider qodef-col-num--1 qodef-qi-grid qodef-qi-swiper-container\" data-options=\"{&quot;direction&quot;:&quot;horizontal&quot;,&quot;slidesPerView&quot;:&quot;1&quot;,&quot;spaceBetween&quot;:0,&quot;spaceBetweenTablet&quot;:30,&quot;spaceBetweenMobile&quot;:30,&quot;effect&quot;:&quot;slide&quot;,&quot;loop&quot;:true,&quot;autoplay&quot;:true,&quot;centeredSlides&quot;:true,&quot;speed&quot;:&quot;&quot;,&quot;speedAnimation&quot;:&quot;&quot;,&quot;outsideNavigation&quot;:&quot;no&quot;,&quot;outsidePagination&quot;:&quot;no&quot;,&quot;unique&quot;:748,&quot;partialValue&quot;:0,&quot;disablePartialValue&quot;:&quot;&quot;,&quot;parallax&quot;:&quot;no&quot;}\">\n\t<div class=\"swiper-wrapper\">\n\t\t<div class=\"qodef-e swiper-slide\">\n\t<div class=\"qodef-e-inner\">\n\t\t<div class=\"qodef-e-inner-holder\">\n\t\t\t\t\t\t\t<img fetchpriority=\"high\" decoding=\"async\" width=\"600\" height=\"800\" src=\"https:\/\/www.leflore.be\/wp-content\/uploads\/2022\/09\/photo-h24.jpg\" class=\"attachment-full size-full\" alt=\"\" srcset=\"https:\/\/www.leflore.be\/wp-content\/uploads\/2022\/09\/photo-h24.jpg 600w, https:\/\/www.leflore.be\/wp-content\/uploads\/2022\/09\/photo-h24-225x300.jpg 225w\" sizes=\"(max-width: 600px) 100vw, 600px\" \/>\t\t\t\t\t<\/div>\n\t<\/div>\n\t<\/div>\n<div class=\"qodef-e swiper-slide\">\n\t<div class=\"qodef-e-inner\">\n\t\t<div class=\"qodef-e-inner-holder\">\n\t\t\t\t\t\t\t<img decoding=\"async\" width=\"600\" height=\"800\" src=\"https:\/\/www.leflore.be\/wp-content\/uploads\/2022\/09\/photo-h22.jpg\" class=\"attachment-full size-full\" alt=\"\" srcset=\"https:\/\/www.leflore.be\/wp-content\/uploads\/2022\/09\/photo-h22.jpg 600w, https:\/\/www.leflore.be\/wp-content\/uploads\/2022\/09\/photo-h22-225x300.jpg 225w\" sizes=\"(max-width: 600px) 100vw, 600px\" \/>\t\t\t\t\t<\/div>\n\t<\/div>\n\t<\/div>\n<div class=\"qodef-e swiper-slide\">\n\t<div class=\"qodef-e-inner\">\n\t\t<div class=\"qodef-e-inner-holder\">\n\t\t\t\t\t\t\t<img decoding=\"async\" width=\"600\" height=\"800\" src=\"https:\/\/www.leflore.be\/wp-content\/uploads\/2022\/09\/photo-h9.jpg\" class=\"attachment-full size-full\" alt=\"\" srcset=\"https:\/\/www.leflore.be\/wp-content\/uploads\/2022\/09\/photo-h9.jpg 600w, https:\/\/www.leflore.be\/wp-content\/uploads\/2022\/09\/photo-h9-225x300.jpg 225w\" sizes=\"(max-width: 600px) 100vw, 600px\" \/>\t\t\t\t\t<\/div>\n\t<\/div>\n\t<\/div>\n<div class=\"qodef-e swiper-slide\">\n\t<div class=\"qodef-e-inner\">\n\t\t<div class=\"qodef-e-inner-holder\">\n\t\t\t\t\t\t\t<img loading=\"lazy\" decoding=\"async\" width=\"600\" height=\"800\" src=\"https:\/\/www.leflore.be\/wp-content\/uploads\/2022\/09\/photo-h6.jpg\" class=\"attachment-full size-full\" alt=\"\" srcset=\"https:\/\/www.leflore.be\/wp-content\/uploads\/2022\/09\/photo-h6.jpg 600w, https:\/\/www.leflore.be\/wp-content\/uploads\/2022\/09\/photo-h6-225x300.jpg 225w\" sizes=\"(max-width: 600px) 100vw, 600px\" \/>\t\t\t\t\t<\/div>\n\t<\/div>\n\t<\/div>\n<div class=\"qodef-e swiper-slide\">\n\t<div class=\"qodef-e-inner\">\n\t\t<div class=\"qodef-e-inner-holder\">\n\t\t\t\t\t\t\t<img loading=\"lazy\" decoding=\"async\" width=\"600\" height=\"800\" src=\"https:\/\/www.leflore.be\/wp-content\/uploads\/2022\/09\/photo-h20.jpg\" class=\"attachment-full size-full\" alt=\"\" srcset=\"https:\/\/www.leflore.be\/wp-content\/uploads\/2022\/09\/photo-h20.jpg 600w, https:\/\/www.leflore.be\/wp-content\/uploads\/2022\/09\/photo-h20-225x300.jpg 225w\" sizes=\"(max-width: 600px) 100vw, 600px\" \/>\t\t\t\t\t<\/div>\n\t<\/div>\n\t<\/div>\n<div class=\"qodef-e swiper-slide\">\n\t<div class=\"qodef-e-inner\">\n\t\t<div class=\"qodef-e-inner-holder\">\n\t\t\t\t\t\t\t<img loading=\"lazy\" decoding=\"async\" width=\"600\" height=\"800\" src=\"https:\/\/www.leflore.be\/wp-content\/uploads\/2022\/09\/photo-h12.jpg\" class=\"attachment-full size-full\" alt=\"\" srcset=\"https:\/\/www.leflore.be\/wp-content\/uploads\/2022\/09\/photo-h12.jpg 600w, https:\/\/www.leflore.be\/wp-content\/uploads\/2022\/09\/photo-h12-225x300.jpg 225w\" sizes=\"(max-width: 600px) 100vw, 600px\" \/>\t\t\t\t\t<\/div>\n\t<\/div>\n\t<\/div>\n<div class=\"qodef-e swiper-slide\">\n\t<div class=\"qodef-e-inner\">\n\t\t<div class=\"qodef-e-inner-holder\">\n\t\t\t\t\t\t\t<img loading=\"lazy\" decoding=\"async\" width=\"600\" height=\"800\" src=\"https:\/\/www.leflore.be\/wp-content\/uploads\/2022\/09\/photo-h18.jpg\" class=\"attachment-full size-full\" alt=\"\" srcset=\"https:\/\/www.leflore.be\/wp-content\/uploads\/2022\/09\/photo-h18.jpg 600w, https:\/\/www.leflore.be\/wp-content\/uploads\/2022\/09\/photo-h18-225x300.jpg 225w\" sizes=\"(max-width: 600px) 100vw, 600px\" \/>\t\t\t\t\t<\/div>\n\t<\/div>\n\t<\/div>\n<div class=\"qodef-e swiper-slide\">\n\t<div class=\"qodef-e-inner\">\n\t\t<div class=\"qodef-e-inner-holder\">\n\t\t\t\t\t\t\t<img loading=\"lazy\" decoding=\"async\" width=\"600\" height=\"800\" src=\"https:\/\/www.leflore.be\/wp-content\/uploads\/2022\/09\/photo-h5.jpg\" class=\"attachment-full size-full\" alt=\"\" srcset=\"https:\/\/www.leflore.be\/wp-content\/uploads\/2022\/09\/photo-h5.jpg 600w, https:\/\/www.leflore.be\/wp-content\/uploads\/2022\/09\/photo-h5-225x300.jpg 225w\" sizes=\"(max-width: 600px) 100vw, 600px\" \/>\t\t\t\t\t<\/div>\n\t<\/div>\n\t<\/div>\n<div class=\"qodef-e swiper-slide\">\n\t<div class=\"qodef-e-inner\">\n\t\t<div class=\"qodef-e-inner-holder\">\n\t\t\t\t\t\t\t<img loading=\"lazy\" decoding=\"async\" width=\"600\" height=\"800\" src=\"https:\/\/www.leflore.be\/wp-content\/uploads\/2022\/09\/photo-h14.jpg\" class=\"attachment-full size-full\" alt=\"\" srcset=\"https:\/\/www.leflore.be\/wp-content\/uploads\/2022\/09\/photo-h14.jpg 600w, https:\/\/www.leflore.be\/wp-content\/uploads\/2022\/09\/photo-h14-225x300.jpg 225w\" sizes=\"(max-width: 600px) 100vw, 600px\" \/>\t\t\t\t\t<\/div>\n\t<\/div>\n\t<\/div>\n<div class=\"qodef-e swiper-slide\">\n\t<div class=\"qodef-e-inner\">\n\t\t<div class=\"qodef-e-inner-holder\">\n\t\t\t\t\t\t\t<img loading=\"lazy\" decoding=\"async\" width=\"600\" height=\"800\" src=\"https:\/\/www.leflore.be\/wp-content\/uploads\/2022\/09\/photo-h8.jpg\" class=\"attachment-full size-full\" alt=\"\" srcset=\"https:\/\/www.leflore.be\/wp-content\/uploads\/2022\/09\/photo-h8.jpg 600w, https:\/\/www.leflore.be\/wp-content\/uploads\/2022\/09\/photo-h8-225x300.jpg 225w\" sizes=\"(max-width: 600px) 100vw, 600px\" \/>\t\t\t\t\t<\/div>\n\t<\/div>\n\t<\/div>\n<div class=\"qodef-e swiper-slide\">\n\t<div class=\"qodef-e-inner\">\n\t\t<div class=\"qodef-e-inner-holder\">\n\t\t\t\t\t\t\t<img loading=\"lazy\" decoding=\"async\" width=\"600\" height=\"800\" src=\"https:\/\/www.leflore.be\/wp-content\/uploads\/2022\/09\/photo-h1.jpg\" class=\"attachment-full size-full\" alt=\"\" srcset=\"https:\/\/www.leflore.be\/wp-content\/uploads\/2022\/09\/photo-h1.jpg 600w, https:\/\/www.leflore.be\/wp-content\/uploads\/2022\/09\/photo-h1-225x300.jpg 225w\" sizes=\"(max-width: 600px) 100vw, 600px\" \/>\t\t\t\t\t<\/div>\n\t<\/div>\n\t<\/div>\n<div class=\"qodef-e swiper-slide\">\n\t<div class=\"qodef-e-inner\">\n\t\t<div class=\"qodef-e-inner-holder\">\n\t\t\t\t\t\t\t<img loading=\"lazy\" decoding=\"async\" width=\"600\" height=\"800\" src=\"https:\/\/www.leflore.be\/wp-content\/uploads\/2022\/09\/photo-h11.jpg\" class=\"attachment-full size-full\" alt=\"\" srcset=\"https:\/\/www.leflore.be\/wp-content\/uploads\/2022\/09\/photo-h11.jpg 600w, https:\/\/www.leflore.be\/wp-content\/uploads\/2022\/09\/photo-h11-225x300.jpg 225w\" sizes=\"(max-width: 600px) 100vw, 600px\" \/>\t\t\t\t\t<\/div>\n\t<\/div>\n\t<\/div>\n<div class=\"qodef-e swiper-slide\">\n\t<div class=\"qodef-e-inner\">\n\t\t<div class=\"qodef-e-inner-holder\">\n\t\t\t\t\t\t\t<img loading=\"lazy\" decoding=\"async\" width=\"600\" height=\"800\" src=\"https:\/\/www.leflore.be\/wp-content\/uploads\/2022\/09\/photo-h19.jpg\" class=\"attachment-full size-full\" alt=\"\" srcset=\"https:\/\/www.leflore.be\/wp-content\/uploads\/2022\/09\/photo-h19.jpg 600w, https:\/\/www.leflore.be\/wp-content\/uploads\/2022\/09\/photo-h19-225x300.jpg 225w\" sizes=\"(max-width: 600px) 100vw, 600px\" \/>\t\t\t\t\t<\/div>\n\t<\/div>\n\t<\/div>\n<div class=\"qodef-e swiper-slide\">\n\t<div class=\"qodef-e-inner\">\n\t\t<div class=\"qodef-e-inner-holder\">\n\t\t\t\t\t\t\t<img loading=\"lazy\" decoding=\"async\" width=\"600\" height=\"800\" src=\"https:\/\/www.leflore.be\/wp-content\/uploads\/2022\/09\/photo-h10.jpg\" class=\"attachment-full size-full\" alt=\"\" srcset=\"https:\/\/www.leflore.be\/wp-content\/uploads\/2022\/09\/photo-h10.jpg 600w, https:\/\/www.leflore.be\/wp-content\/uploads\/2022\/09\/photo-h10-225x300.jpg 225w\" sizes=\"(max-width: 600px) 100vw, 600px\" \/>\t\t\t\t\t<\/div>\n\t<\/div>\n\t<\/div>\n<div class=\"qodef-e swiper-slide\">\n\t<div class=\"qodef-e-inner\">\n\t\t<div class=\"qodef-e-inner-holder\">\n\t\t\t\t\t\t\t<img loading=\"lazy\" decoding=\"async\" width=\"600\" height=\"800\" src=\"https:\/\/www.leflore.be\/wp-content\/uploads\/2022\/09\/photo-h21.jpg\" class=\"attachment-full size-full\" alt=\"\" srcset=\"https:\/\/www.leflore.be\/wp-content\/uploads\/2022\/09\/photo-h21.jpg 600w, https:\/\/www.leflore.be\/wp-content\/uploads\/2022\/09\/photo-h21-225x300.jpg 225w\" sizes=\"(max-width: 600px) 100vw, 600px\" \/>\t\t\t\t\t<\/div>\n\t<\/div>\n\t<\/div>\n\t<\/div>\n\t<\/div>\n\t\t\t\t<\/div>\n\t\t\t\t<\/div>\n\t\t\t\t\t<\/div>\n\t\t<\/div>\n\t\t\t\t\t<\/div>\n\t\t<\/section>\n\t\t\t\t<\/div>\n\t\t","protected":false},"excerpt":{"rendered":"<p>NOS FORMULES Menu \u00e0 43.00\u20ac (uniquement le midi sauf week-end)entr\u00e9e ( au choix), plat (au choix), caf\u00e9 ou th\u00e9 Menu 3 services 58.00\u20ac ( pas disponible le samedi soir)entr\u00e9e (au choix), plat (au choix), fromage ou dessert ( au choix)accompagnement vins 22.00\u20acMenu 4 services \u00e0 75.00\u20acEntr\u00e9e (au choix), plat (au choix), fromage, dessert (au choix)Ou2 entr\u00e9es (au choix), plat (au choix), fromage ou dessert (au choix)Accompagnement vins 27.00\u20ac Menu 5 services \u00e0 89.00\u20ac2 entr\u00e9es (au choix), plat (au choix), fromage, dessert (au choix)Accompagnement vins 37.00\u20ac Menu v\u00e9g\u00e9tarien adaptable \u00e0 chaque formule Menu enfant (jusque 12 ans) 28.00\u20acviande ou poisson accompagn\u00e9 de p\u00e2tes ou pur\u00e9e et l\u00e9gumes suivi d\u2019un dessert.<\/p>","protected":false},"author":1,"featured_media":0,"parent":0,"menu_order":0,"comment_status":"closed","ping_status":"closed","template":"elementor_header_footer","meta":{"site-sidebar-layout":"default","site-content-layout":"","ast-site-content-layout":"default","site-content-style":"default","site-sidebar-style":"default","ast-global-header-display":"","ast-banner-title-visibility":"","ast-main-header-display":"","ast-hfb-above-header-display":"","ast-hfb-below-header-display":"","ast-hfb-mobile-header-display":"","site-post-title":"disabled","ast-breadcrumbs-content":"","ast-featured-img":"","footer-sml-layout":"","ast-disable-related-posts":"","theme-transparent-header-meta":"default","adv-header-id-meta":"","stick-header-meta":"","header-above-stick-meta":"","header-main-stick-meta":"","header-below-stick-meta":"","astra-migrate-meta-layouts":"set","ast-page-background-enabled":"default","ast-page-background-meta":{"desktop":{"background-color":"var(--ast-global-color-4)","background-image":"","background-repeat":"repeat","background-position":"center center","background-size":"auto","background-attachment":"scroll","background-type":"","background-media":"","overlay-type":"","overlay-color":"","overlay-opacity":"","overlay-gradient":""},"tablet":{"background-color":"","background-image":"","background-repeat":"repeat","background-position":"center center","background-size":"auto","background-attachment":"scroll","background-type":"","background-media":"","overlay-type":"","overlay-color":"","overlay-opacity":"","overlay-gradient":""},"mobile":{"background-color":"","background-image":"","background-repeat":"repeat","background-position":"center center","background-size":"auto","background-attachment":"scroll","background-type":"","background-media":"","overlay-type":"","overlay-color":"","overlay-opacity":"","overlay-gradient":""}},"ast-content-background-meta":{"desktop":{"background-color":"var(--ast-global-color-5)","background-image":"","background-repeat":"repeat","background-position":"center center","background-size":"auto","background-attachment":"scroll","background-type":"","background-media":"","overlay-type":"","overlay-color":"","overlay-opacity":"","overlay-gradient":""},"tablet":{"background-color":"var(--ast-global-color-5)","background-image":"","background-repeat":"repeat","background-position":"center center","background-size":"auto","background-attachment":"scroll","background-type":"","background-media":"","overlay-type":"","overlay-color":"","overlay-opacity":"","overlay-gradient":""},"mobile":{"background-color":"var(--ast-global-color-5)","background-image":"","background-repeat":"repeat","background-position":"center center","background-size":"auto","background-attachment":"scroll","background-type":"","background-media":"","overlay-type":"","overlay-color":"","overlay-opacity":"","overlay-gradient":""}},"footnotes":""},"class_list":["post-7922","page","type-page","status-publish","hentry"],"_links":{"self":[{"href":"https:\/\/www.leflore.be\/nl\/wp-json\/wp\/v2\/pages\/7922","targetHints":{"allow":["GET"]}}],"collection":[{"href":"https:\/\/www.leflore.be\/nl\/wp-json\/wp\/v2\/pages"}],"about":[{"href":"https:\/\/www.leflore.be\/nl\/wp-json\/wp\/v2\/types\/page"}],"author":[{"embeddable":true,"href":"https:\/\/www.leflore.be\/nl\/wp-json\/wp\/v2\/users\/1"}],"replies":[{"embeddable":true,"href":"https:\/\/www.leflore.be\/nl\/wp-json\/wp\/v2\/comments?post=7922"}],"version-history":[{"count":16,"href":"https:\/\/www.leflore.be\/nl\/wp-json\/wp\/v2\/pages\/7922\/revisions"}],"predecessor-version":[{"id":8119,"href":"https:\/\/www.leflore.be\/nl\/wp-json\/wp\/v2\/pages\/7922\/revisions\/8119"}],"wp:attachment":[{"href":"https:\/\/www.leflore.be\/nl\/wp-json\/wp\/v2\/media?parent=7922"}],"curies":[{"name":"wp","href":"https:\/\/api.w.org\/{rel}","templated":true}]}}